{"id":695,"date":"2018-12-17T11:09:34","date_gmt":"2018-12-17T10:09:34","guid":{"rendered":"https:\/\/esanok.pl\/kamery_sanok\/?page_id=695"},"modified":"2018-12-17T11:09:34","modified_gmt":"2018-12-17T10:09:34","slug":"kontakt","status":"publish","type":"page","link":"https:\/\/esanok.pl\/kamery_sanok\/kontakt","title":{"rendered":"Kontakt"},"content":{"rendered":"<p>tel. + 48 13 46 44 338<br \/>\ne-mail: <a href=\"mailto:biuro@p24.pl\">biuro@p24.pl<\/a><\/p>\n<p>Podmiotem prowadz\u0105cym serwis jest:<\/p>\n<p><strong>OBS\u0141UGA MEDIALNA Sp\u00f3\u0142ka z ograniczon\u0105 odpowiedzialno\u015bci\u0105<\/strong><br \/>\nAdres siedziby: 38-500 SANOK, ul. Mickiewicza 29\/220-221<br \/>\nKapita\u0142 Zak\u0142adowy: 5.000 z\u0142<br \/>\nNIP: 6871956897<br \/>\nREGON: 180887377<br \/>\nKRS: 0000433465<br \/>\nS\u0105d Rejonowy, Wydzia\u0142 XII Gospodarczy Krajowego Rejestru S\u0105dowego, w Rzeszowie<strong><em><br \/>\n<\/em><\/strong><\/p>\n<p>&nbsp;<\/p>\n","protected":false},"excerpt":{"rendered":"<p>tel. + 48 13 46 44 338 e-mail: biuro@p24.pl Podmiotem prowadz\u0105cym serwis jest: OBS\u0141UGA MEDIALNA Sp\u00f3\u0142ka z ograniczon\u0105 odpowiedzialno\u015bci\u0105 Adres siedziby: 38-500 SANOK, ul. Mickiewicza 29\/220-221 Kapita\u0142 Zak\u0142adowy: 5.000 z\u0142 NIP: 6871956897 REGON: 180887377 KRS: 0000433465 S\u0105d Rejonowy, Wydzia\u0142 XII Gospodarczy Krajowego Rejestru S\u0105dowego, w Rzeszowie &nbsp;<\/p>\n","protected":false},"author":1,"featured_media":0,"parent":0,"menu_order":0,"comment_status":"closed","ping_status":"closed","template":"","meta":[],"_links":{"self":[{"href":"https:\/\/esanok.pl\/kamery_sanok\/wp-json\/wp\/v2\/pages\/695"}],"collection":[{"href":"https:\/\/esanok.pl\/kamery_sanok\/wp-json\/wp\/v2\/pages"}],"about":[{"href":"https:\/\/esanok.pl\/kamery_sanok\/wp-json\/wp\/v2\/types\/page"}],"author":[{"embeddable":true,"href":"https:\/\/esanok.pl\/kamery_sanok\/wp-json\/wp\/v2\/users\/1"}],"replies":[{"embeddable":true,"href":"https:\/\/esanok.pl\/kamery_sanok\/wp-json\/wp\/v2\/comments?post=695"}],"version-history":[{"count":1,"href":"https:\/\/esanok.pl\/kamery_sanok\/wp-json\/wp\/v2\/pages\/695\/revisions"}],"predecessor-version":[{"id":696,"href":"https:\/\/esanok.pl\/kamery_sanok\/wp-json\/wp\/v2\/pages\/695\/revisions\/696"}],"wp:attachment":[{"href":"https:\/\/esanok.pl\/kamery_sanok\/wp-json\/wp\/v2\/media?parent=695"}],"curies":[{"name":"wp","href":"https:\/\/api.w.org\/{rel}","templated":true}]}}